{"id":29,"date":"2025-01-14T17:32:48","date_gmt":"2025-01-14T16:32:48","guid":{"rendered":"https:\/\/judie-events.fr\/?page_id=29"},"modified":"2025-01-14T17:32:48","modified_gmt":"2025-01-14T16:32:48","slug":"boutique","status":"publish","type":"page","link":"https:\/\/judie-events.fr\/?page_id=29","title":{"rendered":"Catalogue"},"content":{"rendered":"\n<p>Chez <strong>Judie Events<\/strong>, nous mettons \u00e0 votre disposition une large gamme de mat\u00e9riel de qualit\u00e9 pour garantir le succ\u00e8s de vos \u00e9v\u00e9nements, qu&rsquo;ils soient professionnels ou personnels. Que vous organisiez un mariage, une f\u00eate d&rsquo;anniversaire, un s\u00e9minaire, un salon ou tout autre type de manifestation, nous avons ce qu&rsquo;il vous faut pour r\u00e9pondre \u00e0 vos besoins sp\u00e9cifiques.<\/p>\n\n\n\n<div class=\"wp-block-media-text is-stacked-on-mobile\" style=\"grid-template-columns:15% auto\"><figure class=\"wp-block-media-text__media\"><img fetchpriority=\"high\" decoding=\"async\" width=\"754\" height=\"745\" src=\"https:\/\/judie-events.fr\/wp-content\/uploads\/2025\/01\/barbe-a-papa.png\" alt=\"\" class=\"wp-image-39 size-full\" srcset=\"https:\/\/judie-events.fr\/wp-content\/uploads\/2025\/01\/barbe-a-papa.png 754w, https:\/\/judie-events.fr\/wp-content\/uploads\/2025\/01\/barbe-a-papa-300x296.png 300w\" sizes=\"(max-width: 754px) 100vw, 754px\" \/><\/figure><div class=\"wp-block-media-text__content\">\n<p>La machine \u00e0 barbe \u00e0 papa est l&rsquo;accessoire parfait pour recr\u00e9er la magie des f\u00eates foraines lors de vos \u00e9v\u00e9nements. Facile \u00e0 utiliser, elle transforme le sucre en d\u00e9licieuses volutes de sucre fil\u00e9 que petits et grands adorent. Gr\u00e2ce \u00e0 sa conception compacte et son design r\u00e9tro, cette machine ajoutera une touche de fun \u00e0 vos soir\u00e9es, anniversaires ou \u00e9v\u00e9nements familiaux. En quelques minutes, vous pourrez d\u00e9guster une barbe \u00e0 papa moelleuse et sucr\u00e9e, directement chez vous !<\/p>\n<\/div><\/div>\n\n\n\n<div class=\"wp-block-media-text has-media-on-the-right is-stacked-on-mobile\" style=\"grid-template-columns:auto 15%\"><div class=\"wp-block-media-text__content\">\n<p>La fontaine \u00e0 chocolat est l\u2019\u00e9l\u00e9ment incontournable pour un go\u00fbter ou une soir\u00e9e gourmande r\u00e9ussie. Son principe est simple : le chocolat fondu coule en cascade dans une fontaine, permettant de tremper fruits, biscuits, ou guimauves pour une exp\u00e9rience gustative unique. Con\u00e7ue pour maintenir le chocolat \u00e0 temp\u00e9rature id\u00e9ale, cette fontaine apportera une touche d\u2019\u00e9l\u00e9gance et de plaisir \u00e0 vos r\u00e9ceptions, tout en offrant un v\u00e9ritable d\u00e9lice chocolat\u00e9 \u00e0 vos invit\u00e9s<\/p>\n<\/div><figure class=\"wp-block-media-text__media\"><img decoding=\"async\" width=\"212\" height=\"440\" src=\"https:\/\/judie-events.fr\/wp-content\/uploads\/2025\/01\/fontaine-a-chocolat.png\" alt=\"\" class=\"wp-image-40 size-full\" srcset=\"https:\/\/judie-events.fr\/wp-content\/uploads\/2025\/01\/fontaine-a-chocolat.png 212w, https:\/\/judie-events.fr\/wp-content\/uploads\/2025\/01\/fontaine-a-chocolat-145x300.png 145w\" sizes=\"(max-width: 212px) 100vw, 212px\" \/><\/figure><\/div>\n\n\n\n<div class=\"wp-block-media-text is-stacked-on-mobile\" style=\"grid-template-columns:15% auto\"><figure class=\"wp-block-media-text__media\"><img decoding=\"async\" width=\"323\" height=\"464\" src=\"https:\/\/judie-events.fr\/wp-content\/uploads\/2025\/01\/pop-corn-1.png\" alt=\"\" class=\"wp-image-43 size-full\" srcset=\"https:\/\/judie-events.fr\/wp-content\/uploads\/2025\/01\/pop-corn-1.png 323w, https:\/\/judie-events.fr\/wp-content\/uploads\/2025\/01\/pop-corn-1-209x300.png 209w\" sizes=\"(max-width: 323px) 100vw, 323px\" \/><\/figure><div class=\"wp-block-media-text__content\">\n<p>Offrez \u00e0 vos invit\u00e9s un v\u00e9ritable cin\u00e9ma maison avec cette machine \u00e0 pop-corn professionnelle. Son design vintage rappelle les stands de cin\u00e9ma classiques, et sa performance est \u00e0 la hauteur de ses promesses : en quelques minutes, elle fait \u00e9clater des grains de ma\u00efs pour vous offrir des pop-corn l\u00e9gers et savoureux. Id\u00e9ale pour les soir\u00e9es film, les f\u00eates ou les \u00e9v\u00e9nements sp\u00e9ciaux, cette machine est facile \u00e0 utiliser et \u00e0 nettoyer, garantissant des moments gourmands et conviviaux<\/p>\n<\/div><\/div>\n","protected":false},"excerpt":{"rendered":"<p>Chez Judie Events, nous mettons \u00e0 votre disposition une large gamme de mat\u00e9riel de qualit\u00e9 pour garantir le succ\u00e8s de [&hellip;]<\/p>\n","protected":false},"author":1,"featured_media":0,"parent":0,"menu_order":0,"comment_status":"closed","ping_status":"closed","template":"","meta":{"site-sidebar-layout":"default","site-content-layout":"","ast-site-content-layout":"","site-content-style":"default","site-sidebar-style":"default","ast-global-header-display":"","ast-banner-title-visibility":"","ast-main-header-display":"","ast-hfb-above-header-display":"","ast-hfb-below-header-display":"","ast-hfb-mobile-header-display":"","site-post-title":"","ast-breadcrumbs-content":"","ast-featured-img":"","footer-sml-layout":"","theme-transparent-header-meta":"","adv-header-id-meta":"","stick-header-meta":"","header-above-stick-meta":"","header-main-stick-meta":"","header-below-stick-meta":"","astra-migrate-meta-layouts":"default","ast-page-background-enabled":"default","ast-page-background-meta":{"desktop":{"background-color":"var(--ast-global-color-4)","background-image":"","background-repeat":"repeat","background-position":"center center","background-size":"auto","background-attachment":"scroll","background-type":"","background-media":"","overlay-type":"","overlay-color":"","overlay-opacity":"","overlay-gradient":""},"tablet":{"background-color":"","background-image":"","background-repeat":"repeat","background-position":"center center","background-size":"auto","background-attachment":"scroll","background-type":"","background-media":"","overlay-type":"","overlay-color":"","overlay-opacity":"","overlay-gradient":""},"mobile":{"background-color":"","background-image":"","background-repeat":"repeat","background-position":"center center","background-size":"auto","background-attachment":"scroll","background-type":"","background-media":"","overlay-type":"","overlay-color":"","overlay-opacity":"","overlay-gradient":""}},"ast-content-background-meta":{"desktop":{"background-color":"var(--ast-global-color-5)","background-image":"","background-repeat":"repeat","background-position":"center center","background-size":"auto","background-attachment":"scroll","background-type":"","background-media":"","overlay-type":"","overlay-color":"","overlay-opacity":"","overlay-gradient":""},"tablet":{"background-color":"var(--ast-global-color-5)","background-image":"","background-repeat":"repeat","background-position":"center center","background-size":"auto","background-attachment":"scroll","background-type":"","background-media":"","overlay-type":"","overlay-color":"","overlay-opacity":"","overlay-gradient":""},"mobile":{"background-color":"var(--ast-global-color-5)","background-image":"","background-repeat":"repeat","background-position":"center center","background-size":"auto","background-attachment":"scroll","background-type":"","background-media":"","overlay-type":"","overlay-color":"","overlay-opacity":"","overlay-gradient":""}},"footnotes":""},"class_list":["post-29","page","type-page","status-publish","hentry"],"_links":{"self":[{"href":"https:\/\/judie-events.fr\/index.php?rest_route=\/wp\/v2\/pages\/29","targetHints":{"allow":["GET"]}}],"collection":[{"href":"https:\/\/judie-events.fr\/index.php?rest_route=\/wp\/v2\/pages"}],"about":[{"href":"https:\/\/judie-events.fr\/index.php?rest_route=\/wp\/v2\/types\/page"}],"author":[{"embeddable":true,"href":"https:\/\/judie-events.fr\/index.php?rest_route=\/wp\/v2\/users\/1"}],"replies":[{"embeddable":true,"href":"https:\/\/judie-events.fr\/index.php?rest_route=%2Fwp%2Fv2%2Fcomments&post=29"}],"version-history":[{"count":2,"href":"https:\/\/judie-events.fr\/index.php?rest_route=\/wp\/v2\/pages\/29\/revisions"}],"predecessor-version":[{"id":44,"href":"https:\/\/judie-events.fr\/index.php?rest_route=\/wp\/v2\/pages\/29\/revisions\/44"}],"wp:attachment":[{"href":"https:\/\/judie-events.fr\/index.php?rest_route=%2Fwp%2Fv2%2Fmedia&parent=29"}],"curies":[{"name":"wp","href":"https:\/\/api.w.org\/{rel}","templated":true}]}}